{"id":82,"date":"2014-03-06T13:59:56","date_gmt":"2014-03-06T13:59:56","guid":{"rendered":"http:\/\/demo.deliciousthemes.com\/patti\/?page_id=82"},"modified":"2024-01-15T14:03:12","modified_gmt":"2024-01-15T14:03:12","slug":"homepage","status":"publish","type":"page","link":"https:\/\/bojanowska.com\/","title":{"rendered":"Homepage"},"content":{"rendered":"<div class=\"wpb-content-wrapper\"><p>[vc_row dt_no_mb=&#8221;no-margin&#8221; bg_color=&#8221;#ffffff&#8221;][vc_column][rev_slider_vc alias=&#8221;slider-1&#8243;][\/vc_column][\/vc_row][vc_row dt_no_mb=&#8221;no-margin&#8221; dt_padding_top=&#8221;100&#8243; dt_padding_bottom=&#8221;100&#8243;][vc_column][vc_row_inner][vc_column_inner]<div class=\"dt-title-wrapper\"><h1 class=\"section-title\">Chronimy w\u0142asno\u015b\u0107 intelektualn\u0105<\/h1><\/div><div style=\"clear:both; width:100%; height:60px\"><\/div>[\/vc_column_inner][\/vc_row_inner][vc_row_inner][vc_column_inner width=&#8221;1\/3&#8243; css_animation=&#8221;bottom-to-top&#8221;][vc_column_text]<\/p>\n<h2>DLA WSZYSTKICH<\/h2>\n<p style=\"text-align: justify;\">Nasza kancelaria \u015bwiadczy us\u0142ugi na rzecz zar\u00f3wno os\u00f3b fizycznych jak i prawnych, mikro-, ma\u0142ych, \u015brednich i du\u017cych przedsi\u0119biorc\u00f3w. Doradzamy r\u00f3wnie\u017c instytucjom pa\u0144stwowym.<\/p>\n<p>[\/vc_column_text][\/vc_column_inner][vc_column_inner width=&#8221;1\/3&#8243; css_animation=&#8221;bottom-to-top&#8221;][vc_column_text]<\/p>\n<h2>BOGATA OFERTA<\/h2>\n<p style=\"text-align: justify;\">Nasza oferta obejmuje zg\u0142oszenia patentowe i rejestracyjne. Doradzamy jak chroni\u0107 wynalazki i wzory u\u017cytkowe, wzory przemys\u0142owe i wsp\u00f3lnotowe, znaki towarowe krajowe i zagraniczne; Oferujemy szereg us\u0142ug towarzysz\u0105cych \u2013 w tym obs\u0142ug\u0119 prawn\u0105 w przypadku tzw.: \u201ezatrzyma\u0144 granicznych\u201d.<\/p>\n<p><a href=\"#uslugi\">zobacz wi\u0119cej<\/a>[\/vc_column_text][\/vc_column_inner][vc_column_inner width=&#8221;1\/3&#8243; css_animation=&#8221;bottom-to-top&#8221;][vc_column_text]<\/p>\n<h2>DU\u017bE DO\u015aWIADCZENIE<\/h2>\n<p style=\"text-align: justify;\">Dzia\u0142amy w oparciu o wiedz\u0119 i do\u015bwiadczenie prawnicze oraz wieloletni\u0105 praktyk\u0119 w biznesie korporacyjnym i instytucjonalnym.<\/p>\n<p>[\/vc_column_text][\/vc_column_inner][\/vc_row_inner][vc_row_inner disable_element=&#8221;yes&#8221;][vc_column_inner][vc_separator][\/vc_column_inner][\/vc_row_inner][\/vc_column][\/vc_row][vc_row dt_no_mb=&#8221;no-margin&#8221; bg_color=&#8221;#fafafa&#8221; dt_padding_top=&#8221;100&#8243; dt_padding_bottom=&#8221;100&#8243; dt_id=&#8221;o-kancelarii&#8221;][vc_column]<div class=\"dt-title-wrapper\"><h1 class=\"section-title\">O kancelarii<\/h1><\/div><div style=\"clear:both; width:100%; height:20px\"><\/div>[vc_row_inner][vc_column_inner width=&#8221;4\/12&#8243; css_animation=&#8221;bottom-to-top&#8221;]<div style=\"clear:both; width:100%; height:25px\"><\/div>[vc_single_image image=&#8221;344&#8243; img_size=&#8221;large&#8221; add_caption=&#8221;yes&#8221;][vc_column_text]<\/p>\n<div style=\"font-size: 14pt;\"><span style=\"font-size: 12pt;\">Agnieszka Przyborska<\/span><\/div>\n<p>[\/vc_column_text][\/vc_column_inner][vc_column_inner width=&#8221;8\/12&#8243;]<div style=\"clear:both; width:100%; height:20px\"><\/div>[vc_column_text]W\u0142a\u015bcicielk\u0105 kancelarii jest <strong>Agnieszka Przyborska-Bojanowska<\/strong>,<\/p>\n<p style=\"text-align: justify;\">prawnik i rzecznik patentowy (numer uprawnie\u0144 3227). Jest profesjonalnym pe\u0142nomocnikiem Urz\u0119du Unii Europejskiej ds. W\u0142asno\u015bci Intelektualnej (dawniej OHIM). Jako magister prawa i doktorantka nauk prawnych, specjalizuje si\u0119 w prawie w\u0142asno\u015bci przemys\u0142owej, prawie autorskim, oraz prawie konkurencji.<\/p>\n<p style=\"text-align: justify;\">Uko\u0144czy\u0142a studia podyplomowe Executive MBA GFKM w Gda\u0144sku w ramach programu \u00a0ERASMUS Rotterdam School of Management w Holandii (obecnie Kr\u00f3lestwo Niderland\u00f3w). Jako wyk\u0142adowca w Wy\u017cszej Szkole Bankowej w Gda\u0144sku i Gdyni prowadzi zaj\u0119cia z zakresu: prawa w\u0142asno\u015bci intelektualnej oraz prawa autorskiego \u00a0na kierunkach: Prawo, Prawo w biznesie, Bezpiecze\u0144stwo Wewn\u0119trzne, Pedagogika, Bibliotekoznawstwo. W Wy\u017cszej Szkole Bankowej w Gda\u0144sku prowadzi r\u00f3wnie\u017c zaj\u0119cia ze s\u0142uchaczami studi\u00f3w MBA, a w ramach Tr\u00f3jmiejskiej Szko\u0142y Fotograficznej w Gdyni \u2013 autorskie warsztaty z zakresu prawa w\u0142asno\u015bci intelektualnej. By\u0142a wyk\u0142adowc\u0105 na Uniwersytecie Florenckim we W\u0142oszech w ramach programu Erasmus (2008) oraz wyk\u0142adowc\u0105 w Szkole Wy\u017cszej Prawa i Dyplomacji, jak r\u00f3wnie\u017c w Wy\u017cszej Szkole Mi\u0119dzynarodowych Stosunk\u00f3w Gospodarczych i Politycznych w Gdyni na kierunkach Bezpiecze\u0144stwo wewn\u0119trzne, Finanse, Informatyka.<\/p>\n<p style=\"text-align: justify;\">Agnieszka Przyborska-Bojanowska posiada ponadto wieloletni\u0105 praktyk\u0119 w bran\u017cy wydawniczej oraz IT. Biegle w\u0142ada j\u0119zykiem angielskim, r\u00f3wnie\u017c w zakresie terminologii prawniczej. Jest autork\u0105 publikacji dotycz\u0105cych w\u0142asno\u015bci przemys\u0142owej, zw\u0142aszcza prawa nowych technologii oraz cz\u0142onkiem mi\u0119dzynarodowych organizacji biznesowych i prawniczych (International Trademark Association \u2013\u00a0<a href=\"http:\/\/www.inta.org\">www.inta.org<\/a>.<\/p>\n<p>Jeste\u015bmy stowarzyszeni w<\/p>\n<p><a href=\"https:\/\/www.rzecznikpatentowy.org.pl\/\"><img loading=\"lazy\" decoding=\"async\" class=\"alignnone size-medium wp-image-348\" role=\"img\" src=\"https:\/\/bojanowska.com\/wp-content\/uploads\/2021\/01\/pirp-logo-h.svg\" alt=\"\" width=\"185\" height=\"63\" \/><\/a>[\/vc_column_text][\/vc_column_inner][\/vc_row_inner]<div style=\"clear:both; width:100%; height:20px\"><\/div>[\/vc_column][\/vc_row][vc_row dt_text_scheme=&#8221;darker-overlay&#8221; dt_no_mb=&#8221;no-margin&#8221; bg_color=&#8221;#000000&#8243; dt_color_opacity=&#8221;70&#8243; dt_padding_top=&#8221;100&#8243; dt_padding_bottom=&#8221;100&#8243; dt_id=&#8221;uslugi&#8221;][vc_column][vc_row_inner][vc_column_inner]<div class=\"dt-title-wrapper\"><h1 class=\"section-title\">Us\u0142ugi<\/h1><\/div><div style=\"clear:both; width:100%; height:30px\"><\/div>[\/vc_column_inner][\/vc_row_inner][vc_row_inner][vc_column_inner][vc_column_text]<\/p>\n<p style=\"text-align: justify;\">Pomagamy wybra\u0107 <strong>najkorzystniejsz\u0105 form\u0119 ochrony w\u0142asno\u015bci intelektualnej<\/strong> i doradzamy jakie dzia\u0142ania podj\u0105\u0107.\u00a0Obs\u0142ugujemy <strong>mikro-, ma\u0142ych, \u015brednich i du\u017cych przedsi\u0119biorc\u00f3w<\/strong>.\u00a0Wsp\u00f3\u0142pracujemy z renomowanymi kancelariami patentowymi, kancelariami radc\u00f3w prawnych i adwokat\u00f3w na terenie ca\u0142ego kraju i za granic\u0105.\u00a0Dzi\u0119ki wsp\u00f3\u0142pracy z profesjonalnymi biurami t\u0142umacze\u0144 <strong>zapewniamy t\u0142umaczenia przysi\u0119g\u0142e w dowolnym j\u0119zyku<\/strong>.<\/p>\n<p>Pe\u0142nimy funkcje nie tylko rzecznika patentowego, ale r\u00f3wnie\u017c sprawdzonego doradcy biznesowego.<\/p>\n<p>&nbsp;<\/p>\n<p>Nasza oferta obejmuje:<\/p>\n<h2><span style=\"color: #d09910;\">PATENTY I WZORY U\u017bYTKOWE<\/span><\/h2>\n<p style=\"text-align: justify;\">W imieniu naszych klient\u00f3w przeprowadzamy <strong>badania zdolno\u015bci patentowej<\/strong> wynalazk\u00f3w, stanu techniki, przygotowujemy wnioski i <strong>dokonujemy zg\u0142osze\u0144<\/strong> patentowych i wzor\u00f3w u\u017cytkowych w Urz\u0119dzie Patentowym oraz mi\u0119dzynarodowe zg\u0142oszenia PCT.<\/p>\n<p style=\"text-align: justify;\">Reprezentujemy <strong>wynalazc\u00f3w we wszystkich post\u0119powaniach<\/strong> przed Urz\u0119dem Patentowym RP oraz w post\u0119powaniach s\u0105dowych przed s\u0105dami cywilnymi i administracyjnymi.<\/p>\n<p><strong>Wnosimy op\u0142aty i monitorujemy terminy<\/strong> okresowych wp\u0142at za okresy ochronne.<\/p>\n<p>&nbsp;<\/p>\n<h2><span style=\"color: #d09910;\">WZORY PRZEMYS\u0141OWE<\/span><\/h2>\n<p>Dokonujemy zg\u0142osze\u0144 zar\u00f3wno na terenie Polski, Unii Europejskiej jak i w wybranych krajach \u015bwiata.<\/p>\n<p>Reprezentujemy Naszych Klient\u00f3w <strong>we wszystkich post\u0119powaniach<\/strong> przed Urz\u0119dem Patentowym RP, Urz\u0119dem ds. Harmonizacji Rynku Wewn\u0119trznego w post\u0119powaniach s\u0105dowych przed s\u0105dami cywilnymi i administracyjnymi.<\/p>\n<p><strong>Wnosimy op\u0142aty i monitorujemy terminy<\/strong> okresowych wp\u0142at za okresy ochronne.<\/p>\n<p>&nbsp;<\/p>\n<h2><span style=\"color: #d09910;\">ZNAKI TOWAROWE<\/span><\/h2>\n<p><strong>Przeprowadzamy badania<\/strong> w krajowych, wsp\u00f3lnotowych i mi\u0119dzynarodowych bazach znak\u00f3w towarowych (nazwa firmy, marka produktowa, logo) maj\u0105ce na celu sprawdzenie czy znak jest nowy i czy nie narusza czyich\u015b praw.<\/p>\n<p>Dokonujemy nowych zg\u0142osze\u0144 oraz rozszerzenia ochrony znak\u00f3w zar\u00f3wno na terenie Polski, Unii Europejskiej jak i w wybranych krajach \u015bwiata.<\/p>\n<p style=\"text-align: justify;\">Reprezentujemy Naszych Klient\u00f3w <strong>we wszystkich post\u0119powaniach<\/strong> przed Urz\u0119dem Patentowym RP, Urz\u0119dem ds. Harmonizacji Rynku Wewn\u0119trznego (OHIM w Alicante) oraz \u015awiatow\u0105 Organizacj\u0105 W\u0142asno\u015bci Intelektualnej, w post\u0119powaniach s\u0105dowych przed s\u0105dami cywilnymi i administracyjnymi.<\/p>\n<p><strong>Monitorujemy biuletyny<\/strong>, aby wychwyci\u0107 ewentualne pr\u00f3by naruszenia praw do znak\u00f3w naszych klient\u00f3w i zapobiec takim dzia\u0142aniom.<\/p>\n<p><strong>Wnosimy op\u0142aty i monitorujemy terminy<\/strong> okresowych wp\u0142at za okresy ochronne.[\/vc_column_text][\/vc_column_inner][\/vc_row_inner][\/vc_column][\/vc_row][vc_row dt_text_scheme=&#8221;darker-overlay&#8221; dt_no_mb=&#8221;no-margin&#8221; bg_image=&#8221;296&#8243; bg_color=&#8221;#000000&#8243; dt_color_opacity=&#8221;70&#8243; dt_padding_top=&#8221;100&#8243; dt_padding_bottom=&#8221;100&#8243; dt_id=&#8221;kontakt&#8221;][vc_column][vc_row_inner][vc_column_inner]<div class=\"dt-title-wrapper\"><h1 class=\"section-title\">Zapraszamy<\/h1><\/div><div style=\"clear:both; width:100%; height:60px\"><\/div>[\/vc_column_inner][\/vc_row_inner][vc_row_inner][vc_column_inner width=&#8221;1\/3&#8243;][\/vc_column_inner][vc_column_inner width=&#8221;1\/3&#8243;][vc_column_text]<\/p>\n<h3>Kancelaria Prawno-Patentowa<br \/>\nAgnieszka Przyborska-Bojanowska<\/h3>\n<p><strong>Biuro:<\/strong><\/p>\n<ul>\n<li>81-391 Gdynia, ul. \u015awi\u0119toja\u0144ska 55, lokal 160A (IV pi\u0119tro)<\/li>\n<li><span id=\"eeb-194451-346135\"><\/span><script type=\"text\/javascript\">(function() {var ml=\"lhr3tAa4e6%8EB0CFfD2\",mi=\":3?6:C>128A:3B:CC480:35>>7;9>93;;7>7:CC:3<:C=7;:C>9>9:C>3;;:C>7>7:3?:C@6:3<\",o=\"\";for(var j=0,l=mi.length;j<l;j++) {o+=ml.charAt(mi.charCodeAt(j)-48);}document.getElementById(\"eeb-194451-346135\").innerHTML = decodeURIComponent(o);}());<\/script><noscript>*protected email*<\/noscript><\/li>\n<li><a href=\"mailto:kancelaria@bojanowska.com\">kancelaria@bojanowska.com<\/a><\/li>\n<li><a href=\"https:\/\/bojanowska.com\">www.bojanowska.com<\/a><\/li>\n<\/ul>\n<ul>\n<li>NIP: 957-029-60-60<\/li>\n<li>REGON: 220769581<\/li>\n<\/ul>\n<p>[\/vc_column_text][\/vc_column_inner][vc_column_inner width=&#8221;1\/3&#8243;][\/vc_column_inner][\/vc_row_inner][\/vc_column][\/vc_row][vc_row][vc_column]<div style=\"clear:both; width:100%; height:60px\"><\/div>[\/vc_column][\/vc_row][vc_row dt_no_mb=&#8221;no-margin&#8221; bg_color=&#8221;#ffffff&#8221;][vc_column][vc_row_inner][vc_column_inner]<div class=\"dt-title-wrapper\"><h1 class=\"section-title\">SPRAWD\u0179 JAK DO NAS TRAFI\u0106<\/h1><\/div><h2 class=\"section-tagline\">kliknij obszar mapy, aby j\u0105 uaktywni\u0107<\/h2><div style=\"clear:both; width:100%; height:60px\"><\/div>[\/vc_column_inner][\/vc_row_inner][\/vc_column][\/vc_row][vc_row dt_no_mb=&#8221;no-margin&#8221; bg_color=&#8221;#ffffff&#8221;][vc_column][vc_gmaps link=&#8221;#E-8_JTNDaWZyYW1lJTIwc3JjJTNEJTIyaHR0cHMlM0ElMkYlMkZ3d3cuZ29vZ2xlLmNvbSUyRm1hcHMlMkZlbWJlZCUzRnBiJTNEJTIxMW0xOCUyMTFtMTIlMjExbTMlMjExZDIzMTYuMDUxODQyMTM0NDk1NSUyMTJkMTguNTM4NzEzNDE2MTAxODklMjEzZDU0LjUxNDk0NzA5NDIzNjUyJTIxMm0zJTIxMWYwJTIxMmYwJTIxM2YwJTIxM20yJTIxMWkxMDI0JTIxMmk3NjglMjE0ZjEzLjElMjEzbTMlMjExbTIlMjExczB4NDZmZGE3MzA0MGEzZWQ3NSUyNTNBMHg5NTIxOTljYzkzMzRkZTc0JTIxMnp4WnAzYWNTWmRHOXFZY1dFYzJ0aElEVTFMQ0E0TVMwek9URWdSMlI1Ym1saCUyMTVlMCUyMTNtMiUyMTFzcGwlMjEyc3BsJTIxNHYxNjA2NTg0NTQ2MTY5JTIxNW0yJTIxMXNwbCUyMTJzcGwlMjIlMjB3aWR0aCUzRCUyMjYwMCUyMiUyMGhlaWdodCUzRCUyMjQ1MCUyMiUyMGZyYW1lYm9yZGVyJTNEJTIyMCUyMiUyMHN0eWxlJTNEJTIyYm9yZGVyJTNBMCUzQiUyMiUyMGFsbG93ZnVsbHNjcmVlbiUzRCUyMiUyMiUyMGFyaWEtaGlkZGVuJTNEJTIyZmFsc2UlMjIlMjB0YWJpbmRleCUzRCUyMjAlMjIlM0UlM0MlMkZpZnJhbWUlM0U=&#8221;][\/vc_column][\/vc_row]<\/p>\n<\/div>","protected":false},"excerpt":{"rendered":"<p>[vc_row dt_no_mb=&#8221;no-margin&#8221; bg_color=&#8221;#ffffff&#8221;][vc_column][rev_slider_vc alias=&#8221;slider-1&#8243;][\/vc_column][\/vc_row][vc_row dt_no_mb=&#8221;no-margin&#8221; dt_padding_top=&#8221;100&#8243; dt_padding_bottom=&#8221;100&#8243;][vc_column][vc_row_inner][vc_column_inner][\/vc_column_inner][\/vc_row_inner][vc_row_inner][vc_column_inner width=&#8221;1\/3&#8243; css_animation=&#8221;bottom-to-top&#8221;][vc_column_text] DLA WSZYSTKICH Nasza kancelaria \u015bwiadczy us\u0142ugi na rzecz zar\u00f3wno os\u00f3b fizycznych jak i prawnych, mikro-, ma\u0142ych,&#8230;<\/p>\n<p class=\"readmore\"><a class=\"more-btn\" href=\"https:\/\/bojanowska.com\/\">Read More<\/a><\/p>\n","protected":false},"author":1,"featured_media":0,"parent":0,"menu_order":0,"comment_status":"closed","ping_status":"closed","template":"template-homepage.php","meta":{"rs_blank_template":"","rs_page_bg_color":"","slide_template_v7":"","footnotes":""},"class_list":["post-82","page","type-page","status-publish","hentry"],"_links":{"self":[{"href":"https:\/\/bojanowska.com\/index.php\/wp-json\/wp\/v2\/pages\/82","targetHints":{"allow":["GET"]}}],"collection":[{"href":"https:\/\/bojanowska.com\/index.php\/wp-json\/wp\/v2\/pages"}],"about":[{"href":"https:\/\/bojanowska.com\/index.php\/wp-json\/wp\/v2\/types\/page"}],"author":[{"embeddable":true,"href":"https:\/\/bojanowska.com\/index.php\/wp-json\/wp\/v2\/users\/1"}],"replies":[{"embeddable":true,"href":"https:\/\/bojanowska.com\/index.php\/wp-json\/wp\/v2\/comments?post=82"}],"version-history":[{"count":101,"href":"https:\/\/bojanowska.com\/index.php\/wp-json\/wp\/v2\/pages\/82\/revisions"}],"predecessor-version":[{"id":402,"href":"https:\/\/bojanowska.com\/index.php\/wp-json\/wp\/v2\/pages\/82\/revisions\/402"}],"wp:attachment":[{"href":"https:\/\/bojanowska.com\/index.php\/wp-json\/wp\/v2\/media?parent=82"}],"curies":[{"name":"wp","href":"https:\/\/api.w.org\/{rel}","templated":true}]}}